{"id":16708,"date":"2014-03-24T10:54:51","date_gmt":"2014-03-24T10:54:51","guid":{"rendered":"https:\/\/www.reeseconsult.es\/about-us\/"},"modified":"2026-02-09T10:23:54","modified_gmt":"2026-02-09T10:23:54","slug":"om-oss","status":"publish","type":"page","link":"https:\/\/www.reeseconsult.es\/sv\/om-oss\/","title":{"rendered":"Om oss"},"content":{"rendered":"<p>[vc_row css_animation=&#8221;&#8221; row_type=&#8221;row&#8221; use_row_as_full_screen_section=&#8221;no&#8221; type=&#8221;full_width&#8221; angled_section=&#8221;no&#8221; text_align=&#8221;left&#8221; background_image_as_pattern=&#8221;without_pattern&#8221; z_index=&#8221;&#8221;][vc_column][vc_single_image image=&#8221;16595&#8243; img_size=&#8221;full&#8221; qode_css_animation=&#8221;&#8221;][\/vc_column][\/vc_row][vc_row css_animation=&#8221;&#8221; row_type=&#8221;row&#8221; use_row_as_full_screen_section=&#8221;no&#8221; type=&#8221;grid&#8221; angled_section=&#8221;no&#8221; text_align=&#8221;left&#8221; background_image_as_pattern=&#8221;without_pattern&#8221; padding_top=&#8221;102&#8243; padding_bottom=&#8221;0&#8243; el_class=&#8221;icon_border&#8221;][vc_column][vc_column_text]<\/p>\n<h1 class=\"title-mobile\" style=\"text-align: center;\">R\u00c5DGIVNINGSBYR\u00c5<\/h1>\n<p>[\/vc_column_text][vc_separator type=&#8221;transparent&#8221; up=&#8221;20&#8243; down=&#8221;0&#8243;][vc_column_text]<\/p>\n<p style=\"text-align: center;\">Vi \u00e4r ett m\u00e5ngspr\u00e5kigt team som fokuserar p\u00e5 v\u00e5ra kunders behov och krav. Vi tycker om att ge personlig service och \u00e4ven h\u00e5lla kontakten med v\u00e5ra kunder efter avslutade uppdrag.<\/p>\n<p>[\/vc_column_text][vc_separator type=&#8221;transparent&#8221; up=&#8221;43&#8243; down=&#8221;0&#8243;][\/vc_column][\/vc_row][vc_row css_animation=&#8221;&#8221; row_type=&#8221;row&#8221; use_row_as_full_screen_section=&#8221;no&#8221; type=&#8221;grid&#8221; angled_section=&#8221;no&#8221; text_align=&#8221;center&#8221; background_image_as_pattern=&#8221;without_pattern&#8221; background_color=&#8221;#253c5c&#8221; padding_top=&#8221;45&#8243; padding_bottom=&#8221;45&#8243;][vc_column]<div class=\"custom_font_holder\" style=\"font-family: Lora; font-size: 18px; line-height: 22px; font-style: normal; font-weight: 400; color: #ffffff; text-decoration: none; letter-spacing: 0px; text-align: center;\">V\u00e5rt m\u00e5l \u00e4r att tillhandah\u00e5lla tj\u00e4nster p\u00e5 ett b\u00e5de professionellt och n\u00e4ra s\u00e4tt<\/div>[\/vc_column][\/vc_row][vc_row css_animation=&#8221;&#8221; row_type=&#8221;row&#8221; use_row_as_full_screen_section=&#8221;no&#8221; type=&#8221;grid&#8221; angled_section=&#8221;no&#8221; text_align=&#8221;left&#8221; background_image_as_pattern=&#8221;without_pattern&#8221; padding_top=&#8221;87&#8243; padding_bottom=&#8221;34&#8243;][vc_column][vc_column_text]<\/p>\n<h3 style=\"text-align: center;\">V\u00c5RT TEAM<\/h3>\n<p>[\/vc_column_text][vc_separator type=&#8221;small&#8221; position=&#8221;center&#8221; up=&#8221;33&#8243; down=&#8221;45&#8243;][vc_row_inner row_type=&#8221;row&#8221; type=&#8221;full_width&#8221; text_align=&#8221;left&#8221; css_animation=&#8221;&#8221;][vc_column_inner width=&#8221;1\/3&#8243;]<div class='q_team'><div class='q_team_inner'><div class='q_team_image'><img itemprop='image' src='https:\/\/www.reeseconsult.es\/wp-content\/uploads\/2023\/12\/anne-reese-lawyer-reese-consult-2.jpg' alt='anne-reese-lawyer-reese-consult' \/><div class='q_team_description_wrapper'><div class='q_team_description'><div class='q_team_description_inner'><p>2005 \u2013 ACA Revisor, Institute of Accountants of England and Wales<br \/>\n2001 \u2013 MSC Management &amp; Finance, University of Bath, Uk<br \/>\n2000 \u2013 Candidata Juris, Oslos Universitet, Norge<\/p><\/div><\/div><\/div><\/div><div class='q_team_text' ><div class='q_team_text_inner'><div class='q_team_title_holder'><h3 class='q_team_name' style = ''>Anne Reese<\/h3><span style = ''>Jur. Kand.<\/span><\/div><div class='separator small center' style = ''><\/div><\/div><div class='q_team_social_holder'><span class='q_social_icon_holder normal_social' ><a itemprop='url' href='mailto:anne@reeseconsult.net' target='_blank'><i class=\"qode_icon_font_awesome fa fa-envelope fa-2x simple_social\" style=\"\" ><\/i><\/a><\/span><span class='q_social_icon_holder normal_social' ><a itemprop='url' href='https:\/\/www.linkedin.com\/in\/anne-reese-2ba00548' target='_blank'><i class=\"qode_icon_font_awesome fa fa-linkedin fa-2x simple_social\" style=\"\" ><\/i><\/a><\/span><\/div><\/div><\/div><\/div>[vc_separator type=&#8221;transparent&#8221; up=&#8221;60&#8243; down=&#8221;0&#8243;][\/vc_column_inner][vc_column_inner width=&#8221;1\/3&#8243;][\/vc_column_inner][vc_column_inner width=&#8221;1\/3&#8243;]<div class='q_team'><div class='q_team_inner'><div class='q_team_image'><img itemprop='image' src='https:\/\/www.reeseconsult.es\/wp-content\/uploads\/2023\/12\/maria-reese-consult.jpg.jpg' alt='maria-reese-consult.jpg' \/><div class='q_team_description_wrapper'><div class='q_team_description'><div class='q_team_description_inner'><p>2005 \u2013 Kandidatexamen Kulturvetenskap, Lunds Universitet, Sverige<br \/>\n2002 \u2013 Spanska spr\u00e5k och litteratur, Universidad de Barcelona, Spanien<br \/>\nBred erfarenhet inom hotelln\u00e4ring, kundservice och administration.<\/p><\/div><\/div><\/div><\/div><div class='q_team_text' ><div class='q_team_text_inner'><div class='q_team_title_holder'><h3 class='q_team_name' style = ''>Maria Larsson<\/h3><span style = ''>Kontorsmanager<\/span><\/div><div class='separator small center' style = ''><\/div><\/div><div class='q_team_social_holder'><span class='q_social_icon_holder normal_social' ><a itemprop='url' href='mailto:admin@reeseconsult.net' target='_blank'><i class=\"qode_icon_font_awesome fa fa-envelope fa-2x simple_social\" style=\"\" ><\/i><\/a><\/span><\/div><\/div><\/div><\/div>[vc_separator type=&#8221;transparent&#8221; up=&#8221;60&#8243; down=&#8221;0&#8243;][\/vc_column_inner][\/vc_row_inner][\/vc_column][\/vc_row][vc_row row_type=&#8221;parallax&#8221; parallax_content_width=&#8221;in_grid&#8221; text_align=&#8221;left&#8221; background_image=&#8221;15959&#8243; full_screen_section_height=&#8221;no&#8221; css=&#8221;.vc_custom_1707497516002{padding-right: 20px !important;padding-left: 20px !important;}&#8221;][vc_column][vc_separator type=&#8221;transparent&#8221; up=&#8221;40&#8243; down=&#8221;0&#8243;][vc_column_text el_class=&#8221;testimonial-titleh2&#8243;]<\/p>\n<h3 style=\"text-align: center;\">RECENSIONER FR\u00c5N N\u00d6JDA KUNDER<\/h3>\n<p>[\/vc_column_text][vc_separator type=&#8221;small&#8221; position=&#8221;center&#8221; up=&#8221;33&#8243; down=&#8221;43&#8243;]<div class='testimonials_holder clearfix dark'><div class=\"testimonials testimonials_carousel\" data-show-navigation=\"yes\" data-animation-type=\"fade\" data-animation-speed=\"\" data-auto-rotate-slides=\"10\" data-number-per-slide=\"1\"><ul class=\"slides\"><li id=\"testimonials16993\" class=\"testimonial_content\"><div class=\"testimonial_content_inner\"><div class=\"testimonial_text_holder\"><div class=\"testimonial_text_inner\" style=\"color: #253c5c;\"><p style='font-size:20px;color:#253c5c;'>Anne Reese och hennes team har p\u00e5 ett p\u00e5 ett professionellt och kunnigt s\u00e4tt hj\u00e4lpt till i processen att b\u00e5de k\u00f6pa och s\u00e4lja fastighet i Palma. Snabb att \u00e5terkoppla, antr\u00e4ffbar och uth\u00e5llig \u00e4r n\u00e5gra saker jag t\u00e4nker p\u00e5 i kontakten med Anne. Kan varmt rekommendera hennes expertis p\u00e5 omr\u00e5det.<\/p><p class=\"testimonial_author\" style=\"color: #253c5c;font-weight: 400;color: #9b825e;font-size: 14px;\">Anna Nilsson, Sweden<\/p><\/div><\/div><\/div><\/li><li id=\"testimonials16765\" class=\"testimonial_content\"><div class=\"testimonial_content_inner\"><div class=\"testimonial_text_holder\"><div class=\"testimonial_text_inner\" style=\"color: #253c5c;\"><p style='font-size:20px;color:#253c5c;'>Anne Reese hj\u00e4lpte mig att starta och registrera mitt spanska f\u00f6retag. Hon har \u00e4ven sk\u00f6tt bokf\u00f6ring samt byr\u00e5kratiskt pappersarbete. Jag kan varmt rekommendera hennes tj\u00e4nster.<\/p><p class=\"testimonial_author\" style=\"color: #253c5c;font-weight: 400;color: #9b825e;font-size: 14px;\">Fredrik Norrbin, thegist.org<\/p><\/div><\/div><\/div><\/li><li id=\"testimonials16764\" class=\"testimonial_content\"><div class=\"testimonial_content_inner\"><div class=\"testimonial_text_holder\"><div class=\"testimonial_text_inner\" style=\"color: #253c5c;\"><p style='font-size:20px;color:#253c5c;'>Det var ett n\u00f6je att ha att g\u00f6ra med Anne, och vi kunde helt lita p\u00e5 att hon sakkunnigt hanterade alla problem som uppstod f\u00f6r oss. Vi kan inte varmare rekommendera Anne; hon kommer att se till att alla juridiska och avtalsm\u00e4ssiga aspekter av k\u00f6p av en fastighet hanteras punktligt och till h\u00f6gsta professionella standard.<\/p><p class=\"testimonial_author\" style=\"color: #253c5c;font-weight: 400;color: #9b825e;font-size: 14px;\">Alyson & Stephen Murdoch, Storbrittanien<\/p><\/div><\/div><\/div><\/li><\/ul><\/div><\/div>[vc_separator type=&#8221;transparent&#8221; up=&#8221;40&#8243; down=&#8221;0&#8243;][\/vc_column][\/vc_row][vc_row css_animation=&#8221;&#8221; row_type=&#8221;row&#8221; use_row_as_full_screen_section=&#8221;no&#8221; type=&#8221;full_width&#8221; angled_section=&#8221;no&#8221; text_align=&#8221;left&#8221; background_image_as_pattern=&#8221;without_pattern&#8221; padding_top=&#8221;40&#8243; padding_bottom=&#8221;20&#8243; z_index=&#8221;&#8221;][vc_column width=&#8221;1\/3&#8243;][vc_single_image image=&#8221;16913&#8243; img_size=&#8221;full&#8221; qode_css_animation=&#8221;&#8221;][vc_empty_space height=&#8221;20px&#8221;][\/vc_column][vc_column width=&#8221;1\/3&#8243;][vc_single_image image=&#8221;16917&#8243; img_size=&#8221;full&#8221; qode_css_animation=&#8221;&#8221;][vc_empty_space height=&#8221;20px&#8221;][\/vc_column][vc_column width=&#8221;1\/3&#8243;][vc_single_image image=&#8221;16921&#8243; img_size=&#8221;full&#8221; qode_css_animation=&#8221;&#8221;][vc_empty_space height=&#8221;20px&#8221;][\/vc_column][\/vc_row]<\/p>\n","protected":false},"excerpt":{"rendered":"<p>[vc_row css_animation=&#8221;&#8221; row_type=&#8221;row&#8221; use_row_as_full_screen_section=&#8221;no&#8221; type=&#8221;full_width&#8221; angled_section=&#8221;no&#8221; text_align=&#8221;left&#8221; background_image_as_pattern=&#8221;without_pattern&#8221; z_index=&#8221;&#8221;][vc_column][vc_single_image image=&#8221;16595&#8243; img_size=&#8221;full&#8221; qode_css_animation=&#8221;&#8221;][\/vc_column][\/vc_row][vc_row css_animation=&#8221;&#8221; row_type=&#8221;row&#8221; use_row_as_full_screen_section=&#8221;no&#8221; type=&#8221;grid&#8221; angled_section=&#8221;no&#8221; text_align=&#8221;left&#8221; background_image_as_pattern=&#8221;without_pattern&#8221; padding_top=&#8221;102&#8243; padding_bottom=&#8221;0&#8243; el_class=&#8221;icon_border&#8221;][vc_column][vc_column_text] R\u00c5DGIVNINGSBYR\u00c5 [\/vc_column_text][vc_separator type=&#8221;transparent&#8221; up=&#8221;20&#8243; down=&#8221;0&#8243;][vc_column_text] Vi \u00e4r ett m\u00e5ngspr\u00e5kigt team som fokuserar p\u00e5 v\u00e5ra kunders behov och krav. Vi tycker om att ge&#8230;<\/p>\n","protected":false},"author":2,"featured_media":16597,"parent":0,"menu_order":0,"comment_status":"closed","ping_status":"closed","template":"full_width.php","meta":{"inline_featured_image":false,"_monsterinsights_skip_tracking":false,"_monsterinsights_sitenote_active":false,"_monsterinsights_sitenote_note":"","_monsterinsights_sitenote_category":0,"footnotes":""},"class_list":["post-16708","page","type-page","status-publish","has-post-thumbnail","hentry"],"_links":{"self":[{"href":"https:\/\/www.reeseconsult.es\/sv\/wp-json\/wp\/v2\/pages\/16708","targetHints":{"allow":["GET"]}}],"collection":[{"href":"https:\/\/www.reeseconsult.es\/sv\/wp-json\/wp\/v2\/pages"}],"about":[{"href":"https:\/\/www.reeseconsult.es\/sv\/wp-json\/wp\/v2\/types\/page"}],"author":[{"embeddable":true,"href":"https:\/\/www.reeseconsult.es\/sv\/wp-json\/wp\/v2\/users\/2"}],"replies":[{"embeddable":true,"href":"https:\/\/www.reeseconsult.es\/sv\/wp-json\/wp\/v2\/comments?post=16708"}],"version-history":[{"count":19,"href":"https:\/\/www.reeseconsult.es\/sv\/wp-json\/wp\/v2\/pages\/16708\/revisions"}],"predecessor-version":[{"id":17219,"href":"https:\/\/www.reeseconsult.es\/sv\/wp-json\/wp\/v2\/pages\/16708\/revisions\/17219"}],"wp:featuredmedia":[{"embeddable":true,"href":"https:\/\/www.reeseconsult.es\/sv\/wp-json\/wp\/v2\/media\/16597"}],"wp:attachment":[{"href":"https:\/\/www.reeseconsult.es\/sv\/wp-json\/wp\/v2\/media?parent=16708"}],"curies":[{"name":"wp","href":"https:\/\/api.w.org\/{rel}","templated":true}]}}