{"id":16631,"date":"2015-02-18T16:47:45","date_gmt":"2015-02-18T16:47:45","guid":{"rendered":"https:\/\/www.reeseconsult.es\/reese-consult-lawyer-mallorca\/"},"modified":"2024-02-09T16:40:00","modified_gmt":"2024-02-09T16:40:00","slug":"reese-consult-lawyer-mallorca","status":"publish","type":"page","link":"https:\/\/www.reeseconsult.es\/sv\/","title":{"rendered":"Reese Consult &#8211; Lawyer in Mallorca"},"content":{"rendered":"<p>[vc_row css_animation=&#8221;&#8221; row_type=&#8221;row&#8221; use_row_as_full_screen_section=&#8221;no&#8221; type=&#8221;grid&#8221; angled_section=&#8221;no&#8221; text_align=&#8221;center&#8221; background_image_as_pattern=&#8221;without_pattern&#8221; background_color=&#8221;#253c5c&#8221; padding_top=&#8221;45&#8243; padding_bottom=&#8221;45&#8243;][vc_column]<div class=\"custom_font_holder\" style=\"font-family: Lora; font-size: 18px; line-height: 22px; font-style: normal; font-weight: 400; color: #ffffff; text-decoration: none; letter-spacing: 0px; text-align: center;\">V\u00e5rt m\u00e5l \u00e4r att tillhandah\u00e5lla tj\u00e4nster p\u00e5 ett b\u00e5de professionellt och n\u00e4ra s\u00e4tt<\/div>[\/vc_column][\/vc_row][vc_row css_animation=&#8221;&#8221; row_type=&#8221;row&#8221; use_row_as_full_screen_section=&#8221;no&#8221; type=&#8221;grid&#8221; angled_section=&#8221;no&#8221; text_align=&#8221;left&#8221; background_image_as_pattern=&#8221;without_pattern&#8221; padding_top=&#8221;102&#8243; padding_bottom=&#8221;0&#8243; el_class=&#8221;icon_border&#8221;][vc_column][vc_column_text]<\/p>\n<h4 style=\"text-align: center;\">R\u00c5DGIVNINGSBYR\u00c5 P\u00c5 MALLORCA<\/h4>\n<p>[\/vc_column_text][vc_separator type=&#8221;small&#8221; position=&#8221;center&#8221; up=&#8221;33&#8243; down=&#8221;58&#8243;][vc_column_text]Reese Consult \u00e4r en r\u00e5dgivningsbyr\u00e5 som specialiserar sig p\u00e5 fastighets\u00f6verl\u00e5telser och internationell och lokal skatter\u00e5dgivning f\u00f6r Er med fast bostad eller ett andra boende p\u00e5 Mallorca. Vi erbjuder r\u00e5dgivningstj\u00e4nster inom fastighetssektorn och kombinerar internationell erfarenhet och insikt med lokal kunskap.<\/p>\n<p>&nbsp;<\/p>\n<p>Anne Reese \u00e4r legitimerad jurist fr\u00e5n Norge och kvalificerad revisor, certifierad i England. Hon bor och arbetar p\u00e5 Mallorca sedan mer \u00e4n tio \u00e5r tillbaka. Anne startade Reese Consult genom att kombinera sin tidigare internationella arbetslivserfarenhet fr\u00e5n juridisk och skattem\u00e4ssig r\u00e5dgivning i London och Norge, med sin spanska och mallorcinska lokalk\u00e4nnedom, vilket ger en unik bas av arbetslivserfarenhet och kulturell insikt.<\/p>\n<p>&nbsp;<\/p>\n<p>Vi erbjuder ett flerspr\u00e5kigt team som talar engelska, spanska och alla skandinaviska spr\u00e5k. \u00c4nnu viktigare \u00e4r att v\u00e5rt team har den kulturella insikt som kr\u00e4vs f\u00f6r att uppfylla de nordeuropeiska kundernas f\u00f6rv\u00e4ntningar p\u00e5 service och kommunikation, samtidigt som vi integrerar v\u00e5r service med den spanska arbetsmilj\u00f6n.<\/p>\n<p>&nbsp;<\/p>\n<p style=\"text-align: justify;\">Reese Consult \u00e4r en r\u00e5dgivningsbyr\u00e5 baserad p\u00e5 Mallorca med fokus p\u00e5 att tillhandah\u00e5lla personlig service med direktkommunikation mellan klient och jurist. V\u00e5rt m\u00e5l \u00e4r att Du som kund ska vara delaktig och informerad under hela uppdraget, men ocks\u00e5 att du tryggt kan l\u00e4mna dina intressen i v\u00e5ra h\u00e4nder.<\/p>\n<p>[\/vc_column_text][vc_separator type=&#8221;transparent&#8221; up=&#8221;86&#8243; down=&#8221;0&#8243;][\/vc_column][\/vc_row][vc_row row_type=&#8221;parallax&#8221; parallax_content_width=&#8221;in_grid&#8221; text_align=&#8221;left&#8221; background_image=&#8221;15959&#8243; full_screen_section_height=&#8221;no&#8221; css=&#8221;.vc_custom_1707496659988{padding-right: 20px !important;padding-left: 20px !important;}&#8221;][vc_column][vc_separator type=&#8221;transparent&#8221; up=&#8221;40&#8243; down=&#8221;0&#8243;][vc_column_text el_class=&#8221;testimonial-titleh2&#8243;]<\/p>\n<h3 style=\"text-align: center;\">RECENSIONER FR\u00c5N N\u00d6JDA KUNDER<\/h3>\n<p>[\/vc_column_text][vc_separator type=&#8221;small&#8221; position=&#8221;center&#8221; up=&#8221;33&#8243; down=&#8221;43&#8243;]<div class='testimonials_holder clearfix dark'><div class=\"testimonials testimonials_carousel\" data-show-navigation=\"yes\" data-animation-type=\"fade\" data-animation-speed=\"\" data-auto-rotate-slides=\"10\" data-number-per-slide=\"1\"><ul class=\"slides\"><li id=\"testimonials16993\" class=\"testimonial_content\"><div class=\"testimonial_content_inner\"><div class=\"testimonial_text_holder\"><div class=\"testimonial_text_inner\" style=\"color: #253c5c;\"><p style='font-size:20px;color:#253c5c;'>Anne Reese och hennes team har p\u00e5 ett p\u00e5 ett professionellt och kunnigt s\u00e4tt hj\u00e4lpt till i processen att b\u00e5de k\u00f6pa och s\u00e4lja fastighet i Palma. Snabb att \u00e5terkoppla, antr\u00e4ffbar och uth\u00e5llig \u00e4r n\u00e5gra saker jag t\u00e4nker p\u00e5 i kontakten med Anne. Kan varmt rekommendera hennes expertis p\u00e5 omr\u00e5det.<\/p><p class=\"testimonial_author\" style=\"color: #253c5c;font-weight: 400;color: #9b825e;font-size: 14px;\">Anna Nilsson, Sweden<\/p><\/div><\/div><\/div><\/li><li id=\"testimonials16765\" class=\"testimonial_content\"><div class=\"testimonial_content_inner\"><div class=\"testimonial_text_holder\"><div class=\"testimonial_text_inner\" style=\"color: #253c5c;\"><p style='font-size:20px;color:#253c5c;'>Anne Reese hj\u00e4lpte mig att starta och registrera mitt spanska f\u00f6retag. Hon har \u00e4ven sk\u00f6tt bokf\u00f6ring samt byr\u00e5kratiskt pappersarbete. Jag kan varmt rekommendera hennes tj\u00e4nster.<\/p><p class=\"testimonial_author\" style=\"color: #253c5c;font-weight: 400;color: #9b825e;font-size: 14px;\">Fredrik Norrbin, thegist.org<\/p><\/div><\/div><\/div><\/li><li id=\"testimonials16764\" class=\"testimonial_content\"><div class=\"testimonial_content_inner\"><div class=\"testimonial_text_holder\"><div class=\"testimonial_text_inner\" style=\"color: #253c5c;\"><p style='font-size:20px;color:#253c5c;'>Det var ett n\u00f6je att ha att g\u00f6ra med Anne, och vi kunde helt lita p\u00e5 att hon sakkunnigt hanterade alla problem som uppstod f\u00f6r oss. Vi kan inte varmare rekommendera Anne; hon kommer att se till att alla juridiska och avtalsm\u00e4ssiga aspekter av k\u00f6p av en fastighet hanteras punktligt och till h\u00f6gsta professionella standard.<\/p><p class=\"testimonial_author\" style=\"color: #253c5c;font-weight: 400;color: #9b825e;font-size: 14px;\">Alyson & Stephen Murdoch, Storbrittanien<\/p><\/div><\/div><\/div><\/li><\/ul><\/div><\/div>[vc_separator type=&#8221;transparent&#8221; up=&#8221;40&#8243; down=&#8221;0&#8243;][\/vc_column][\/vc_row][vc_row css_animation=&#8221;&#8221; row_type=&#8221;row&#8221; use_row_as_full_screen_section=&#8221;no&#8221; type=&#8221;full_width&#8221; angled_section=&#8221;no&#8221; text_align=&#8221;left&#8221; background_image_as_pattern=&#8221;without_pattern&#8221; padding_top=&#8221;40&#8243; padding_bottom=&#8221;20&#8243; z_index=&#8221;&#8221;][vc_column width=&#8221;1\/3&#8243;][vc_single_image image=&#8221;16913&#8243; img_size=&#8221;full&#8221; qode_css_animation=&#8221;&#8221;][vc_empty_space height=&#8221;20px&#8221;][\/vc_column][vc_column width=&#8221;1\/3&#8243;][vc_single_image image=&#8221;16917&#8243; img_size=&#8221;full&#8221; qode_css_animation=&#8221;&#8221;][vc_empty_space height=&#8221;20px&#8221;][\/vc_column][vc_column width=&#8221;1\/3&#8243;][vc_single_image image=&#8221;16921&#8243; img_size=&#8221;full&#8221; qode_css_animation=&#8221;&#8221;][vc_empty_space height=&#8221;20px&#8221;][\/vc_column][\/vc_row]<\/p>\n","protected":false},"excerpt":{"rendered":"<p>[vc_row css_animation=&#8221;&#8221; row_type=&#8221;row&#8221; use_row_as_full_screen_section=&#8221;no&#8221; type=&#8221;grid&#8221; angled_section=&#8221;no&#8221; text_align=&#8221;center&#8221; background_image_as_pattern=&#8221;without_pattern&#8221; background_color=&#8221;#253c5c&#8221; padding_top=&#8221;45&#8243; padding_bottom=&#8221;45&#8243;][vc_column][\/vc_column][\/vc_row][vc_row css_animation=&#8221;&#8221; row_type=&#8221;row&#8221; use_row_as_full_screen_section=&#8221;no&#8221; type=&#8221;grid&#8221; angled_section=&#8221;no&#8221; text_align=&#8221;left&#8221; background_image_as_pattern=&#8221;without_pattern&#8221; padding_top=&#8221;102&#8243; padding_bottom=&#8221;0&#8243; el_class=&#8221;icon_border&#8221;][vc_column][vc_column_text] R\u00c5DGIVNINGSBYR\u00c5 P\u00c5 MALLORCA [\/vc_column_text][vc_separator type=&#8221;small&#8221; position=&#8221;center&#8221; up=&#8221;33&#8243; down=&#8221;58&#8243;][vc_column_text]Reese Consult \u00e4r en r\u00e5dgivningsbyr\u00e5 som specialiserar sig p\u00e5 fastighets\u00f6verl\u00e5telser och internationell och lokal skatter\u00e5dgivning f\u00f6r Er&#8230;<\/p>\n","protected":false},"author":2,"featured_media":16597,"parent":0,"menu_order":0,"comment_status":"closed","ping_status":"closed","template":"full_width.php","meta":{"inline_featured_image":false,"_monsterinsights_skip_tracking":false,"_monsterinsights_sitenote_active":false,"_monsterinsights_sitenote_note":"","_monsterinsights_sitenote_category":0,"footnotes":""},"class_list":["post-16631","page","type-page","status-publish","has-post-thumbnail","hentry"],"_links":{"self":[{"href":"https:\/\/www.reeseconsult.es\/sv\/wp-json\/wp\/v2\/pages\/16631","targetHints":{"allow":["GET"]}}],"collection":[{"href":"https:\/\/www.reeseconsult.es\/sv\/wp-json\/wp\/v2\/pages"}],"about":[{"href":"https:\/\/www.reeseconsult.es\/sv\/wp-json\/wp\/v2\/types\/page"}],"author":[{"embeddable":true,"href":"https:\/\/www.reeseconsult.es\/sv\/wp-json\/wp\/v2\/users\/2"}],"replies":[{"embeddable":true,"href":"https:\/\/www.reeseconsult.es\/sv\/wp-json\/wp\/v2\/comments?post=16631"}],"version-history":[{"count":15,"href":"https:\/\/www.reeseconsult.es\/sv\/wp-json\/wp\/v2\/pages\/16631\/revisions"}],"predecessor-version":[{"id":17102,"href":"https:\/\/www.reeseconsult.es\/sv\/wp-json\/wp\/v2\/pages\/16631\/revisions\/17102"}],"wp:featuredmedia":[{"embeddable":true,"href":"https:\/\/www.reeseconsult.es\/sv\/wp-json\/wp\/v2\/media\/16597"}],"wp:attachment":[{"href":"https:\/\/www.reeseconsult.es\/sv\/wp-json\/wp\/v2\/media?parent=16631"}],"curies":[{"name":"wp","href":"https:\/\/api.w.org\/{rel}","templated":true}]}}