{"id":16896,"date":"2015-02-19T15:14:49","date_gmt":"2015-02-19T15:14:49","guid":{"rendered":"https:\/\/www.reeseconsult.es\/services\/"},"modified":"2024-02-05T10:42:09","modified_gmt":"2024-02-05T10:42:09","slug":"tjenester","status":"publish","type":"page","link":"https:\/\/www.reeseconsult.es\/no\/tjenester\/","title":{"rendered":"TJENESTER"},"content":{"rendered":"<p>[vc_row css_animation=&raquo;&raquo; row_type=&raquo;row&raquo; use_row_as_full_screen_section=&raquo;no&raquo; type=&raquo;grid&raquo; angled_section=&raquo;no&raquo; text_align=&raquo;left&raquo; background_image_as_pattern=&raquo;without_pattern&raquo; padding_top=&raquo;102&#8243; padding_bottom=&raquo;0&#8243; el_class=&raquo;icon_border&raquo;][vc_column][vc_column_text]<\/p>\n<h2 style=\"text-align: center;\">Konsulentbyr\u00e5 med base p\u00e5 Mallorca<\/h2>\n<p>[\/vc_column_text][vc_separator type=&raquo;transparent&raquo; up=&raquo;20&#8243; down=&raquo;0&#8243;][vc_column_text]<\/p>\n<p style=\"text-align: center;\">V\u00e5re tjenester er fokusert p\u00e5 r\u00e5dgivning innen eiendomssektoren, skatt, strukturering og administrative tjenester.<\/p>\n<p>[\/vc_column_text][vc_separator type=&raquo;transparent&raquo; up=&raquo;43&#8243; down=&raquo;0&#8243;][\/vc_column][\/vc_row][vc_row css_animation=&raquo;&raquo; row_type=&raquo;row&raquo; use_row_as_full_screen_section=&raquo;no&raquo; type=&raquo;grid&raquo; angled_section=&raquo;no&raquo; text_align=&raquo;center&raquo; background_image_as_pattern=&raquo;without_pattern&raquo; background_color=&raquo;#253c5c&raquo; padding_top=&raquo;45&#8243; padding_bottom=&raquo;45&#8243;][vc_column]<div class=\"custom_font_holder\" style=\"font-family: Lora; font-size: 18px; line-height: 22px; font-style: normal; font-weight: 400; color: #ffffff; text-decoration: none; letter-spacing: 0px; text-align: center;\">V\u00e5rt m\u00e5l er \u00e5 tilby tjenester p\u00e5 en profesjonell og vennlig m\u00e5te.<\/div>[\/vc_column][\/vc_row][vc_row css_animation=&raquo;&raquo; row_type=&raquo;row&raquo; use_row_as_full_screen_section=&raquo;no&raquo; type=&raquo;grid&raquo; angled_section=&raquo;no&raquo; text_align=&raquo;left&raquo; background_image_as_pattern=&raquo;without_pattern&raquo; padding_top=&raquo;40&#8243; padding_bottom=&raquo;10&#8243; z_index=&raquo;&raquo;][vc_column width=&raquo;2\/3&#8243;][vc_empty_space][vc_column_text]<\/p>\n<h3>EIENDOMSTRANSAKSJONER<\/h3>\n<p>[\/vc_column_text][vc_separator type=&raquo;small&raquo; position=&raquo;left&raquo; up=&raquo;33&#8243; down=&raquo;45&#8243;][vc_column_text]Reese Consult bist\u00e5r potensielle kj\u00f8pere og selgere gjennom hele transaksjonen, fra utarbeidelse av relevante kontrakter, gjennomgang av dokument, kontakt med motpartens advokat og til slutt utarbeidelse av det offentlige skj\u00f8tet som skal signeres av alle parter hos notarius publicus. Vi bist\u00e5r ved behov som oppst\u00e5r f\u00f8r eller etter kj\u00f8pet\/salget og tar oss av all juridisk og skattemessig h\u00e5ndtering.<\/p>\n<p>Vi gir ogs\u00e5 r\u00e5d om nybygg og administrasjon av byggeprosjekter.<\/p>\n<p>V\u00e6r oppmerksom p\u00e5 at det i Norge og enkelte andre land er vanlig at eiendomsmegleren bist\u00e5r kunden i noen av disse sp\u00f8rsm\u00e5lene, men at dette ikke er vanlig i Spania. B\u00e5de kj\u00f8pere og selgere anbefales \u00e5 s\u00f8ke juridisk r\u00e5dgivning.[\/vc_column_text][vc_empty_space][\/vc_column][vc_column width=&raquo;1\/3&#8243;][vc_single_image image=&raquo;15924&#8243; img_size=&raquo;full&raquo; qode_css_animation=&raquo;&raquo;][vc_empty_space][\/vc_column][\/vc_row][vc_row css_animation=&raquo;&raquo; row_type=&raquo;row&raquo; use_row_as_full_screen_section=&raquo;no&raquo; type=&raquo;grid&raquo; angled_section=&raquo;no&raquo; text_align=&raquo;left&raquo; background_image_as_pattern=&raquo;without_pattern&raquo; padding_top=&raquo;10&#8243; padding_bottom=&raquo;10&#8243; el_class=&raquo;swap-on-mobile&raquo; z_index=&raquo;&raquo;][vc_column width=&raquo;1\/3&#8243;][vc_single_image image=&raquo;15942&#8243; img_size=&raquo;full&raquo; qode_css_animation=&raquo;&raquo;][vc_empty_space][\/vc_column][vc_column width=&raquo;2\/3&#8243;][vc_empty_space][vc_column_text]<\/p>\n<h3>ADMINISTRATIVE TJENESTER<\/h3>\n<p>[\/vc_column_text][vc_separator type=&raquo;small&raquo; position=&raquo;left&raquo; up=&raquo;33&#8243; down=&raquo;45&#8243;][vc_column_text]Reese Consult tilbyr administrative tjenester til bedrifter og privatpersoner. Alt fra \u00e5 opprette bankkontoer, tegne alarm- eller internettabonnement, kommunisere med forsikringsselskaper og myndigheter til \u00e5 representere kunden p\u00e5 \u00e5rsm\u00f8ter i borettslag og lignende.[\/vc_column_text][vc_empty_space][\/vc_column][\/vc_row][vc_row css_animation=&raquo;&raquo; row_type=&raquo;row&raquo; use_row_as_full_screen_section=&raquo;no&raquo; type=&raquo;grid&raquo; angled_section=&raquo;no&raquo; text_align=&raquo;left&raquo; background_image_as_pattern=&raquo;without_pattern&raquo; css=&raquo;.vc_custom_1707128988043{padding-top: 20px !important;padding-bottom: 20px !important;}&raquo; z_index=&raquo;&raquo;][vc_column width=&raquo;2\/3&#8243;][vc_empty_space][vc_column_text]<\/p>\n<h3>SKATTER\u00c5DGIVNING<\/h3>\n<p>[\/vc_column_text][vc_separator type=&raquo;small&raquo; position=&raquo;left&raquo; up=&raquo;33&#8243; down=&raquo;45&#8243;][vc_column_text]Reese Consult tilbyr r\u00e5dgivning b\u00e5de til de som er bosatt p\u00e5 \u00f8ya eller har en sekund\u00e6rbolig her, om skatteforpliktelser i det respektive hjemlandet og den nye basen p\u00e5 Mallorca.<\/p>\n<p>Vi hjelper ogs\u00e5 privatpersoner med \u00e5 etablere seg p\u00e5 Mallorca, starte selskap eller registrere seg som selvstendig n\u00e6ringsdrivende, og gir st\u00f8tte i det l\u00f8pende arbeidet med \u00e5 overholde spanske regler, f.eks. med regnskap og skatterapportering.[\/vc_column_text][vc_empty_space][\/vc_column][vc_column width=&raquo;1\/3&#8243;][vc_single_image image=&raquo;15926&#8243; img_size=&raquo;full&raquo; qode_css_animation=&raquo;&raquo;][vc_empty_space][\/vc_column][\/vc_row][vc_row css_animation=&raquo;&raquo; row_type=&raquo;row&raquo; use_row_as_full_screen_section=&raquo;no&raquo; type=&raquo;full_width&raquo; angled_section=&raquo;no&raquo; text_align=&raquo;left&raquo; background_image_as_pattern=&raquo;without_pattern&raquo; padding_top=&raquo;10&#8243; padding_bottom=&raquo;20&#8243; z_index=&raquo;&raquo;][vc_column width=&raquo;1\/3&#8243;][vc_single_image image=&raquo;16913&#8243; img_size=&raquo;full&raquo; qode_css_animation=&raquo;&raquo;][vc_empty_space height=&raquo;20px&raquo;][\/vc_column][vc_column width=&raquo;1\/3&#8243;][vc_single_image image=&raquo;16917&#8243; img_size=&raquo;full&raquo; qode_css_animation=&raquo;&raquo;][vc_empty_space height=&raquo;20px&raquo;][\/vc_column][vc_column width=&raquo;1\/3&#8243;][vc_single_image image=&raquo;16921&#8243; img_size=&raquo;full&raquo; qode_css_animation=&raquo;&raquo;][vc_empty_space height=&raquo;20px&raquo;][\/vc_column][\/vc_row]<\/p>\n","protected":false},"excerpt":{"rendered":"<p>[vc_row css_animation=&raquo;&raquo; row_type=&raquo;row&raquo; use_row_as_full_screen_section=&raquo;no&raquo; type=&raquo;grid&raquo; angled_section=&raquo;no&raquo; text_align=&raquo;left&raquo; background_image_as_pattern=&raquo;without_pattern&raquo; padding_top=&raquo;102&#8243; padding_bottom=&raquo;0&#8243; el_class=&raquo;icon_border&raquo;][vc_column][vc_column_text] Konsulentbyr\u00e5 med base p\u00e5 Mallorca [\/vc_column_text][vc_separator type=&raquo;transparent&raquo; up=&raquo;20&#8243; down=&raquo;0&#8243;][vc_column_text] V\u00e5re tjenester er fokusert p\u00e5 r\u00e5dgivning innen eiendomssektoren, skatt, strukturering og administrative tjenester. [\/vc_column_text][vc_separator type=&raquo;transparent&raquo; up=&raquo;43&#8243; down=&raquo;0&#8243;][\/vc_column][\/vc_row][vc_row css_animation=&raquo;&raquo; row_type=&raquo;row&raquo; use_row_as_full_screen_section=&raquo;no&raquo; type=&raquo;grid&raquo; angled_section=&raquo;no&raquo; text_align=&raquo;center&raquo; background_image_as_pattern=&raquo;without_pattern&raquo; background_color=&raquo;#253c5c&raquo;&#8230;<\/p>\n","protected":false},"author":2,"featured_media":16837,"parent":0,"menu_order":0,"comment_status":"closed","ping_status":"closed","template":"full_width.php","meta":{"inline_featured_image":false,"_monsterinsights_skip_tracking":false,"_monsterinsights_sitenote_active":false,"_monsterinsights_sitenote_note":"","_monsterinsights_sitenote_category":0,"footnotes":""},"class_list":["post-16896","page","type-page","status-publish","has-post-thumbnail","hentry"],"_links":{"self":[{"href":"https:\/\/www.reeseconsult.es\/no\/wp-json\/wp\/v2\/pages\/16896","targetHints":{"allow":["GET"]}}],"collection":[{"href":"https:\/\/www.reeseconsult.es\/no\/wp-json\/wp\/v2\/pages"}],"about":[{"href":"https:\/\/www.reeseconsult.es\/no\/wp-json\/wp\/v2\/types\/page"}],"author":[{"embeddable":true,"href":"https:\/\/www.reeseconsult.es\/no\/wp-json\/wp\/v2\/users\/2"}],"replies":[{"embeddable":true,"href":"https:\/\/www.reeseconsult.es\/no\/wp-json\/wp\/v2\/comments?post=16896"}],"version-history":[{"count":9,"href":"https:\/\/www.reeseconsult.es\/no\/wp-json\/wp\/v2\/pages\/16896\/revisions"}],"predecessor-version":[{"id":17062,"href":"https:\/\/www.reeseconsult.es\/no\/wp-json\/wp\/v2\/pages\/16896\/revisions\/17062"}],"wp:featuredmedia":[{"embeddable":true,"href":"https:\/\/www.reeseconsult.es\/no\/wp-json\/wp\/v2\/media\/16837"}],"wp:attachment":[{"href":"https:\/\/www.reeseconsult.es\/no\/wp-json\/wp\/v2\/media?parent=16896"}],"curies":[{"name":"wp","href":"https:\/\/api.w.org\/{rel}","templated":true}]}}