{"id":16882,"date":"2014-03-24T10:54:51","date_gmt":"2014-03-24T10:54:51","guid":{"rendered":"https:\/\/www.reeseconsult.es\/about-us\/"},"modified":"2026-02-09T10:24:26","modified_gmt":"2026-02-09T10:24:26","slug":"om-oss","status":"publish","type":"page","link":"https:\/\/www.reeseconsult.es\/no\/om-oss\/","title":{"rendered":"OM OSS"},"content":{"rendered":"<p>[vc_row css_animation=&raquo;&raquo; row_type=&raquo;row&raquo; use_row_as_full_screen_section=&raquo;no&raquo; type=&raquo;full_width&raquo; angled_section=&raquo;no&raquo; text_align=&raquo;left&raquo; background_image_as_pattern=&raquo;without_pattern&raquo; z_index=&raquo;&raquo;][vc_column][vc_single_image image=&raquo;16595&#8243; img_size=&raquo;full&raquo; qode_css_animation=&raquo;&raquo;][\/vc_column][\/vc_row][vc_row css_animation=&raquo;&raquo; row_type=&raquo;row&raquo; use_row_as_full_screen_section=&raquo;no&raquo; type=&raquo;grid&raquo; angled_section=&raquo;no&raquo; text_align=&raquo;left&raquo; background_image_as_pattern=&raquo;without_pattern&raquo; padding_top=&raquo;102&#8243; padding_bottom=&raquo;0&#8243; el_class=&raquo;icon_border&raquo;][vc_column][vc_column_text]<\/p>\n<h1 class=\"title-mobile\" style=\"text-align: center;\">R\u00c5DGIVNINGSBYR\u00c5<\/h1>\n<p>[\/vc_column_text][vc_separator type=&raquo;transparent&raquo; up=&raquo;20&#8243; down=&raquo;0&#8243;][vc_column_text]<\/p>\n<p style=\"text-align: center;\">Vi er et flerspr\u00e5klig team som fokuserer p\u00e5 kundenes behov og krav. Vi tilbyr personlig service og holder kontakten med kundene v\u00e5re ogs\u00e5 etter at oppdraget er fullf\u00f8rt.<\/p>\n<p>[\/vc_column_text][vc_separator type=&raquo;transparent&raquo; up=&raquo;43&#8243; down=&raquo;0&#8243;][\/vc_column][\/vc_row][vc_row css_animation=&raquo;&raquo; row_type=&raquo;row&raquo; use_row_as_full_screen_section=&raquo;no&raquo; type=&raquo;grid&raquo; angled_section=&raquo;no&raquo; text_align=&raquo;center&raquo; background_image_as_pattern=&raquo;without_pattern&raquo; background_color=&raquo;#253c5c&raquo; padding_top=&raquo;45&#8243; padding_bottom=&raquo;45&#8243;][vc_column]<div class=\"custom_font_holder\" style=\"font-family: Lora; font-size: 18px; line-height: 22px; font-style: normal; font-weight: 400; color: #ffffff; text-decoration: none; letter-spacing: 0px; text-align: center;\">V\u00e5rt m\u00e5l er \u00e5 tilby tjenester p\u00e5 en profesjonell og vennlig m\u00e5te.<\/div>[\/vc_column][\/vc_row][vc_row css_animation=&raquo;&raquo; row_type=&raquo;row&raquo; use_row_as_full_screen_section=&raquo;no&raquo; type=&raquo;grid&raquo; angled_section=&raquo;no&raquo; text_align=&raquo;left&raquo; background_image_as_pattern=&raquo;without_pattern&raquo; padding_top=&raquo;87&#8243; padding_bottom=&raquo;34&#8243;][vc_column][vc_column_text]<\/p>\n<h3 style=\"text-align: center;\">V\u00c5RT TEAM<\/h3>\n<p>[\/vc_column_text][vc_separator type=&raquo;small&raquo; position=&raquo;center&raquo; up=&raquo;33&#8243; down=&raquo;45&#8243;][vc_row_inner row_type=&raquo;row&raquo; type=&raquo;full_width&raquo; text_align=&raquo;left&raquo; css_animation=&raquo;&raquo;][vc_column_inner width=&raquo;1\/3&#8243;]<div class='q_team'><div class='q_team_inner'><div class='q_team_image'><img itemprop='image' src='https:\/\/www.reeseconsult.es\/wp-content\/uploads\/2023\/12\/anne-reese-lawyer-reese-consult-2.jpg' alt='anne-reese-lawyer-reese-consult' \/><div class='q_team_description_wrapper'><div class='q_team_description'><div class='q_team_description_inner'><p>2005 \u2013 ACA Accountant, Institute of Accountants of England and Wales<br \/>\n2001 \u2013 MSC Management &amp; Finance, University of Bath, Storbritannia<br \/>\n2000 \u2013 Candidata Juris, Universitetet i Oslo<\/p><\/div><\/div><\/div><\/div><div class='q_team_text' ><div class='q_team_text_inner'><div class='q_team_title_holder'><h3 class='q_team_name' style = ''>Anne Reese<\/h3><span style = ''>Jur. Kand.<\/span><\/div><div class='separator small center' style = ''><\/div><\/div><div class='q_team_social_holder'><span class='q_social_icon_holder normal_social' ><a itemprop='url' href='mailto:anne@reeseconsult.net' target='_blank'><i class=\"qode_icon_font_awesome fa fa-envelope fa-2x simple_social\" style=\"\" ><\/i><\/a><\/span><span class='q_social_icon_holder normal_social' ><a itemprop='url' href='https:\/\/www.linkedin.com\/in\/anne-reese-2ba00548' target='_blank'><i class=\"qode_icon_font_awesome fa fa-linkedin fa-2x simple_social\" style=\"\" ><\/i><\/a><\/span><\/div><\/div><\/div><\/div>[vc_separator type=&raquo;transparent&raquo; up=&raquo;60&#8243; down=&raquo;0&#8243;][\/vc_column_inner][vc_column_inner width=&raquo;1\/3&#8243;][\/vc_column_inner][vc_column_inner width=&raquo;1\/3&#8243;]<div class='q_team'><div class='q_team_inner'><div class='q_team_image'><img itemprop='image' src='https:\/\/www.reeseconsult.es\/wp-content\/uploads\/2023\/12\/maria-reese-consult.jpg.jpg' alt='maria-reese-consult.jpg' \/><div class='q_team_description_wrapper'><div class='q_team_description'><div class='q_team_description_inner'><p>2005 \u2013 Kandidatexamen Kulturvetenskap, Lunds Universitet, Sverige<br \/>\n2002 \u2013 Spansk spr\u00e5k og litteratur, Universidad de Barcelona, Spania.<br \/>\nBred erfaring fra hotellbransjen, kundeservice og administrasjon.<\/p><\/div><\/div><\/div><\/div><div class='q_team_text' ><div class='q_team_text_inner'><div class='q_team_title_holder'><h3 class='q_team_name' style = ''>Maria Larsson<\/h3><span style = ''>Kontor administrator<\/span><\/div><div class='separator small center' style = ''><\/div><\/div><div class='q_team_social_holder'><span class='q_social_icon_holder normal_social' ><a itemprop='url' href='mailto:admin@reeseconsult.net' target='_blank'><i class=\"qode_icon_font_awesome fa fa-envelope fa-2x simple_social\" style=\"\" ><\/i><\/a><\/span><\/div><\/div><\/div><\/div>[vc_separator type=&raquo;transparent&raquo; up=&raquo;60&#8243; down=&raquo;0&#8243;][\/vc_column_inner][\/vc_row_inner][\/vc_column][\/vc_row][vc_row row_type=&raquo;parallax&raquo; parallax_content_width=&raquo;in_grid&raquo; text_align=&raquo;left&raquo; background_image=&raquo;15959&#8243; full_screen_section_height=&raquo;no&raquo; css=&raquo;.vc_custom_1707497675353{padding-right: 20px !important;padding-left: 20px !important;}&raquo;][vc_column][vc_separator type=&raquo;transparent&raquo; up=&raquo;40&#8243; down=&raquo;0&#8243;][vc_column_text el_class=&raquo;testimonial-titleh2&#8243;]<\/p>\n<h3 style=\"text-align: center;\">OMTALER FRA FORN\u00d8YDE KUNDER<\/h3>\n<p>[\/vc_column_text][vc_separator type=&raquo;small&raquo; position=&raquo;center&raquo; up=&raquo;33&#8243; down=&raquo;43&#8243;]<div class='testimonials_holder clearfix dark'><div class=\"testimonials testimonials_carousel\" data-show-navigation=\"yes\" data-animation-type=\"fade\" data-animation-speed=\"\" data-auto-rotate-slides=\"10\" data-number-per-slide=\"1\"><ul class=\"slides\"><li id=\"testimonials16990\" class=\"testimonial_content\"><div class=\"testimonial_content_inner\"><div class=\"testimonial_text_holder\"><div class=\"testimonial_text_inner\" style=\"color: #253c5c;\"><p style='font-size:20px;color:#253c5c;'>Anne Reese og hennes team har bist\u00e5tt meg profesjonelt og kunnskapsrikt i prosessen med b\u00e5de kj\u00f8p og salg av eiendom i Palma. Rask til \u00e5 svare, tilgjengelig og utholdende er noe av det jeg tenker p\u00e5 n\u00e5r jeg har med Anne \u00e5 gj\u00f8re. Jeg kan p\u00e5 det varmeste anbefale hennes ekspertise p\u00e5 dette omr\u00e5det.<\/p><p class=\"testimonial_author\" style=\"color: #253c5c;font-weight: 400;color: #9b825e;font-size: 14px;\">Anna Nilsson, Sweden<\/p><\/div><\/div><\/div><\/li><li id=\"testimonials16878\" class=\"testimonial_content\"><div class=\"testimonial_content_inner\"><div class=\"testimonial_text_holder\"><div class=\"testimonial_text_inner\" style=\"color: #253c5c;\"><p style='font-size:20px;color:#253c5c;'>Anne Reese hjalp meg med \u00e5 opprette og registrere det spanske selskapet mitt. Hun tok seg ogs\u00e5 av bokf\u00f8ring og byr\u00e5kratisk papirarbeid. Jeg kan anbefale tjenestene hennes p\u00e5 det varmeste.<\/p><p class=\"testimonial_author\" style=\"color: #253c5c;font-weight: 400;color: #9b825e;font-size: 14px;\">Fredrik Norrbin<\/p><\/div><\/div><\/div><\/li><li id=\"testimonials16877\" class=\"testimonial_content\"><div class=\"testimonial_content_inner\"><div class=\"testimonial_text_holder\"><div class=\"testimonial_text_inner\" style=\"color: #253c5c;\"><p style='font-size:20px;color:#253c5c;'>Det var en forn\u00f8yelse \u00e5 ha med Anne \u00e5 gj\u00f8re, og vi kunne stole fullt og helt p\u00e5 at hun h\u00e5ndterte alle problemer som oppstod for oss. Vi kan bare anbefale Anne p\u00e5 det varmeste; hun s\u00f8rger for at alle juridiske og kontraktsmessige aspekter ved kj\u00f8p av bolig blir h\u00e5ndtert punktlig og med h\u00f8y faglig standard.<\/p><p class=\"testimonial_author\" style=\"color: #253c5c;font-weight: 400;color: #9b825e;font-size: 14px;\">Alyson & Stephen Murdoch, Storbrittania<\/p><\/div><\/div><\/div><\/li><\/ul><\/div><\/div>[vc_separator type=&raquo;transparent&raquo; up=&raquo;40&#8243; down=&raquo;0&#8243;][\/vc_column][\/vc_row][vc_row css_animation=&raquo;&raquo; row_type=&raquo;row&raquo; use_row_as_full_screen_section=&raquo;no&raquo; type=&raquo;full_width&raquo; angled_section=&raquo;no&raquo; text_align=&raquo;left&raquo; background_image_as_pattern=&raquo;without_pattern&raquo; padding_top=&raquo;40&#8243; padding_bottom=&raquo;20&#8243; z_index=&raquo;&raquo;][vc_column width=&raquo;1\/3&#8243;][vc_single_image image=&raquo;16913&#8243; img_size=&raquo;full&raquo; qode_css_animation=&raquo;&raquo;][vc_empty_space height=&raquo;20px&raquo;][\/vc_column][vc_column width=&raquo;1\/3&#8243;][vc_single_image image=&raquo;16917&#8243; img_size=&raquo;full&raquo; qode_css_animation=&raquo;&raquo;][vc_empty_space height=&raquo;20px&raquo;][\/vc_column][vc_column width=&raquo;1\/3&#8243;][vc_single_image image=&raquo;16921&#8243; img_size=&raquo;full&raquo; qode_css_animation=&raquo;&raquo;][vc_empty_space height=&raquo;20px&raquo;][\/vc_column][\/vc_row]<\/p>\n","protected":false},"excerpt":{"rendered":"<p>[vc_row css_animation=&raquo;&raquo; row_type=&raquo;row&raquo; use_row_as_full_screen_section=&raquo;no&raquo; type=&raquo;full_width&raquo; angled_section=&raquo;no&raquo; text_align=&raquo;left&raquo; background_image_as_pattern=&raquo;without_pattern&raquo; z_index=&raquo;&raquo;][vc_column][vc_single_image image=&raquo;16595&#8243; img_size=&raquo;full&raquo; qode_css_animation=&raquo;&raquo;][\/vc_column][\/vc_row][vc_row css_animation=&raquo;&raquo; row_type=&raquo;row&raquo; use_row_as_full_screen_section=&raquo;no&raquo; type=&raquo;grid&raquo; angled_section=&raquo;no&raquo; text_align=&raquo;left&raquo; background_image_as_pattern=&raquo;without_pattern&raquo; padding_top=&raquo;102&#8243; padding_bottom=&raquo;0&#8243; el_class=&raquo;icon_border&raquo;][vc_column][vc_column_text] R\u00c5DGIVNINGSBYR\u00c5 [\/vc_column_text][vc_separator type=&raquo;transparent&raquo; up=&raquo;20&#8243; down=&raquo;0&#8243;][vc_column_text] Vi er et flerspr\u00e5klig team som fokuserer p\u00e5 kundenes behov og krav. Vi tilbyr personlig service og holder&#8230;<\/p>\n","protected":false},"author":2,"featured_media":16837,"parent":0,"menu_order":0,"comment_status":"closed","ping_status":"closed","template":"full_width.php","meta":{"inline_featured_image":false,"_monsterinsights_skip_tracking":false,"_monsterinsights_sitenote_active":false,"_monsterinsights_sitenote_note":"","_monsterinsights_sitenote_category":0,"footnotes":""},"class_list":["post-16882","page","type-page","status-publish","has-post-thumbnail","hentry"],"_links":{"self":[{"href":"https:\/\/www.reeseconsult.es\/no\/wp-json\/wp\/v2\/pages\/16882","targetHints":{"allow":["GET"]}}],"collection":[{"href":"https:\/\/www.reeseconsult.es\/no\/wp-json\/wp\/v2\/pages"}],"about":[{"href":"https:\/\/www.reeseconsult.es\/no\/wp-json\/wp\/v2\/types\/page"}],"author":[{"embeddable":true,"href":"https:\/\/www.reeseconsult.es\/no\/wp-json\/wp\/v2\/users\/2"}],"replies":[{"embeddable":true,"href":"https:\/\/www.reeseconsult.es\/no\/wp-json\/wp\/v2\/comments?post=16882"}],"version-history":[{"count":14,"href":"https:\/\/www.reeseconsult.es\/no\/wp-json\/wp\/v2\/pages\/16882\/revisions"}],"predecessor-version":[{"id":17220,"href":"https:\/\/www.reeseconsult.es\/no\/wp-json\/wp\/v2\/pages\/16882\/revisions\/17220"}],"wp:featuredmedia":[{"embeddable":true,"href":"https:\/\/www.reeseconsult.es\/no\/wp-json\/wp\/v2\/media\/16837"}],"wp:attachment":[{"href":"https:\/\/www.reeseconsult.es\/no\/wp-json\/wp\/v2\/media?parent=16882"}],"curies":[{"name":"wp","href":"https:\/\/api.w.org\/{rel}","templated":true}]}}