{"id":16706,"date":"2014-03-24T10:54:51","date_gmt":"2014-03-24T10:54:51","guid":{"rendered":"https:\/\/www.reeseconsult.es\/about-us\/"},"modified":"2026-02-09T08:20:57","modified_gmt":"2026-02-09T08:20:57","slug":"sobre-nosotras","status":"publish","type":"page","link":"https:\/\/www.reeseconsult.es\/es\/sobre-nosotras\/","title":{"rendered":"Sobre nosotras"},"content":{"rendered":"<p>[vc_row css_animation=\u00bb\u00bb row_type=\u00bbrow\u00bb use_row_as_full_screen_section=\u00bbno\u00bb type=\u00bbfull_width\u00bb angled_section=\u00bbno\u00bb text_align=\u00bbleft\u00bb background_image_as_pattern=\u00bbwithout_pattern\u00bb z_index=\u00bb\u00bb][vc_column][vc_single_image image=\u00bb16595&#8243; img_size=\u00bbfull\u00bb qode_css_animation=\u00bb\u00bb][\/vc_column][\/vc_row][vc_row css_animation=\u00bb\u00bb row_type=\u00bbrow\u00bb use_row_as_full_screen_section=\u00bbno\u00bb type=\u00bbgrid\u00bb angled_section=\u00bbno\u00bb text_align=\u00bbleft\u00bb background_image_as_pattern=\u00bbwithout_pattern\u00bb padding_top=\u00bb102&#8243; padding_bottom=\u00bb0&#8243; el_class=\u00bbicon_border\u00bb][vc_column][vc_column_text]<\/p>\n<h1 class=\"title-mobile\" style=\"text-align: center;\">AGENCIA BOTIQUE DE ASESORAMIENTO<\/h1>\n<p>[\/vc_column_text][vc_separator type=\u00bbtransparent\u00bb up=\u00bb20&#8243; down=\u00bb0&#8243;][vc_column_text]<\/p>\n<p style=\"text-align: center;\">Somos un equipo multiling\u00fce que centra su dedicaci\u00f3n en las necesidades y requisitos de los clientes. Nos gusta ofrecer un servicio personal y mantener el contacto con nuestros clientes una vez finalizado el trabajo.<\/p>\n<p>[\/vc_column_text][vc_separator type=\u00bbtransparent\u00bb up=\u00bb43&#8243; down=\u00bb0&#8243;][\/vc_column][\/vc_row][vc_row css_animation=\u00bb\u00bb row_type=\u00bbrow\u00bb use_row_as_full_screen_section=\u00bbno\u00bb type=\u00bbgrid\u00bb angled_section=\u00bbno\u00bb text_align=\u00bbcenter\u00bb background_image_as_pattern=\u00bbwithout_pattern\u00bb background_color=\u00bb#253c5c\u00bb padding_top=\u00bb45&#8243; padding_bottom=\u00bb45&#8243;][vc_column]<div class=\"custom_font_holder\" style=\"font-family: Lora; font-size: 18px; line-height: 22px; font-style: normal; font-weight: 400; color: #ffffff; text-decoration: none; letter-spacing: 0px; text-align: center;\">Misi\u00f3n: \u00abOfrecer servicios de calidad de forma profesional y cercana\u00bb<\/div>[\/vc_column][\/vc_row][vc_row css_animation=\u00bb\u00bb row_type=\u00bbrow\u00bb use_row_as_full_screen_section=\u00bbno\u00bb type=\u00bbgrid\u00bb angled_section=\u00bbno\u00bb text_align=\u00bbleft\u00bb background_image_as_pattern=\u00bbwithout_pattern\u00bb padding_top=\u00bb87&#8243; padding_bottom=\u00bb34&#8243;][vc_column][vc_column_text]<\/p>\n<h3 style=\"text-align: center;\">El equipo<\/h3>\n<p>[\/vc_column_text][vc_separator type=\u00bbsmall\u00bb position=\u00bbcenter\u00bb up=\u00bb33&#8243; down=\u00bb45&#8243;][vc_row_inner row_type=\u00bbrow\u00bb type=\u00bbfull_width\u00bb text_align=\u00bbleft\u00bb css_animation=\u00bb\u00bb][vc_column_inner width=\u00bb1\/3&#8243;]<div class='q_team'><div class='q_team_inner'><div class='q_team_image'><img itemprop='image' src='https:\/\/www.reeseconsult.es\/wp-content\/uploads\/2023\/12\/anne-reese-lawyer-reese-consult-2.jpg' alt='anne-reese-lawyer-reese-consult' \/><div class='q_team_description_wrapper'><div class='q_team_description'><div class='q_team_description_inner'><p>2005 - ACA Contador p\u00fablico, Instituto de Contables de Inglaterra y Gales<br \/>\n2001 - MSC en Gesti\u00f3n y Finanzas, Universidad de Bath, Reino Unido<br \/>\n2000 - Candidata Juris, Abogada licenciada por la Universidad de Oslo, Noruega<\/p><\/div><\/div><\/div><\/div><div class='q_team_text' ><div class='q_team_text_inner'><div class='q_team_title_holder'><h3 class='q_team_name' style = ''>Anne Reese<\/h3><span style = ''>Abogada <\/span><\/div><div class='separator small center' style = ''><\/div><\/div><div class='q_team_social_holder'><span class='q_social_icon_holder normal_social' ><a itemprop='url' href='mailto:anne@reeseconsult.net' target='_blank'><i class=\"qode_icon_font_awesome fa fa-envelope fa-2x simple_social\" style=\"\" ><\/i><\/a><\/span><span class='q_social_icon_holder normal_social' ><a itemprop='url' href='https:\/\/www.linkedin.com\/in\/anne-reese-2ba00548' target='_blank'><i class=\"qode_icon_font_awesome fa fa-linkedin fa-2x simple_social\" style=\"\" ><\/i><\/a><\/span><\/div><\/div><\/div><\/div>[vc_separator type=\u00bbtransparent\u00bb up=\u00bb60&#8243; down=\u00bb0&#8243;][\/vc_column_inner][vc_column_inner width=\u00bb1\/3&#8243;][\/vc_column_inner][vc_column_inner width=\u00bb1\/3&#8243;]<div class='q_team'><div class='q_team_inner'><div class='q_team_image'><img itemprop='image' src='https:\/\/www.reeseconsult.es\/wp-content\/uploads\/2023\/12\/maria-reese-consult.jpg.jpg' alt='maria-reese-consult.jpg' \/><div class='q_team_description_wrapper'><div class='q_team_description'><div class='q_team_description_inner'><p>2005 \u2013 Licenciatura Estudios Culturales, Universidad de Lund, Suecia<br \/>\n2002 \u2013 Lengua y literatura hispanas, Universidad de Barcelona<br \/>\nAmplia experiencia en el sector de hosteler\u00eda, administraci\u00f3n y servicio al cliente. Habla espa\u00f1ol, sueco, e ingl\u00e9s. Conocimiento b\u00e1sico\/intermedio de catal\u00e1n, italiano y alem\u00e1n.<\/p><\/div><\/div><\/div><\/div><div class='q_team_text' ><div class='q_team_text_inner'><div class='q_team_title_holder'><h3 class='q_team_name' style = ''>Maria Larsson<\/h3><span style = ''>Gerente de oficina<\/span><\/div><div class='separator small center' style = ''><\/div><\/div><div class='q_team_social_holder'><span class='q_social_icon_holder normal_social' ><a itemprop='url' href='mailto:admin@reeseconsult.net' target='_blank'><i class=\"qode_icon_font_awesome fa fa-envelope fa-2x simple_social\" style=\"\" ><\/i><\/a><\/span><\/div><\/div><\/div><\/div>[vc_separator type=\u00bbtransparent\u00bb up=\u00bb60&#8243; down=\u00bb0&#8243;][\/vc_column_inner][\/vc_row_inner][\/vc_column][\/vc_row][vc_row row_type=\u00bbparallax\u00bb parallax_content_width=\u00bbin_grid\u00bb text_align=\u00bbleft\u00bb background_image=\u00bb15959&#8243; full_screen_section_height=\u00bbno\u00bb css=\u00bb.vc_custom_1706799525070{padding-right: 20px !important;padding-left: 20px !important;}\u00bb][vc_column][vc_separator type=\u00bbtransparent\u00bb up=\u00bb40&#8243; down=\u00bb0&#8243;][vc_column_text]<\/p>\n<h3 style=\"text-align: center;\">TESTIMONIOS DE NUESTROS CLIENTES<\/h3>\n<p>[\/vc_column_text][vc_separator type=\u00bbsmall\u00bb position=\u00bbcenter\u00bb up=\u00bb33&#8243; down=\u00bb43&#8243;]<div class='testimonials_holder clearfix dark'><div class=\"testimonials testimonials_carousel\" data-show-navigation=\"yes\" data-animation-type=\"fade\" data-animation-speed=\"\" data-auto-rotate-slides=\"10\" data-number-per-slide=\"1\"><ul class=\"slides\"><li id=\"testimonials16992\" class=\"testimonial_content\"><div class=\"testimonial_content_inner\"><div class=\"testimonial_text_holder\"><div class=\"testimonial_text_inner\" style=\"color: #253c5c;\"><p style='font-size:20px;color:#253c5c;'>Anne Reese y su equipo han asistido profesionalmente y con conocimiento en el proceso tanto de compra como de venta de nuestras propiedades en Palma. R\u00e1pida en responder, accesible y persistente son algunas de las cosas que para mi definen a Anne. Recomiendo de coraz\u00f3n su experiencia en esta \u00e1rea.<\/p><p class=\"testimonial_author\" style=\"color: #253c5c;font-weight: 400;color: #9b825e;font-size: 14px;\">Anna Nilsson, Sweden<\/p><\/div><\/div><\/div><\/li><li id=\"testimonials16758\" class=\"testimonial_content\"><div class=\"testimonial_content_inner\"><div class=\"testimonial_text_holder\"><div class=\"testimonial_text_inner\" style=\"color: #253c5c;\"><p style='font-size:20px;color:#253c5c;'>Fue un placer tratar con Anne en todo momento, y pudimos confiar plenamente en ella para gestionar de forma experta todas nuestras preocupaciones. No podr\u00edamos recomendar m\u00e1s a Anne; ella se asegurar\u00e1 de que todos los aspectos legales y contractuales de la compra de una propiedad se traten de la mejor manera y con el m\u00e1s alto nivel profesional.<\/p><p class=\"testimonial_author\" style=\"color: #253c5c;font-weight: 400;color: #9b825e;font-size: 14px;\">Alyson & Stephen Murdoch, Reino Unido<\/p><\/div><\/div><\/div><\/li><li id=\"testimonials16757\" class=\"testimonial_content\"><div class=\"testimonial_content_inner\"><div class=\"testimonial_text_holder\"><div class=\"testimonial_text_inner\" style=\"color: #253c5c;\"><p style='font-size:20px;color:#253c5c;'>Anne Reese me ayud\u00f3 a establecer y registrar mi empresa espa\u00f1ola, y tambi\u00e9n me ha asistido con contabilidad y documentaci\u00f3n para la administraci\u00f3n p\u00fablica. Realmente recomiendo sus servicios.<\/p><p class=\"testimonial_author\" style=\"color: #253c5c;font-weight: 400;color: #9b825e;font-size: 14px;\">Fredrik Norrbin thegist.org<\/p><\/div><\/div><\/div><\/li><\/ul><\/div><\/div>[vc_separator type=\u00bbtransparent\u00bb up=\u00bb40&#8243; down=\u00bb0&#8243;][\/vc_column][\/vc_row][vc_row css_animation=\u00bb\u00bb row_type=\u00bbrow\u00bb use_row_as_full_screen_section=\u00bbno\u00bb type=\u00bbfull_width\u00bb angled_section=\u00bbno\u00bb text_align=\u00bbleft\u00bb background_image_as_pattern=\u00bbwithout_pattern\u00bb padding_top=\u00bb40&#8243; padding_bottom=\u00bb20&#8243; z_index=\u00bb\u00bb][vc_column width=\u00bb1\/3&#8243;][vc_single_image image=\u00bb16913&#8243; img_size=\u00bbfull\u00bb qode_css_animation=\u00bb\u00bb][vc_empty_space height=\u00bb20px\u00bb][\/vc_column][vc_column width=\u00bb1\/3&#8243;][vc_single_image image=\u00bb16917&#8243; img_size=\u00bbfull\u00bb qode_css_animation=\u00bb\u00bb][vc_empty_space height=\u00bb20px\u00bb][\/vc_column][vc_column width=\u00bb1\/3&#8243;][vc_single_image image=\u00bb16921&#8243; img_size=\u00bbfull\u00bb qode_css_animation=\u00bb\u00bb][vc_empty_space height=\u00bb20px\u00bb][\/vc_column][\/vc_row]<\/p>\n","protected":false},"excerpt":{"rendered":"<p>[vc_row css_animation=\u00bb\u00bb row_type=\u00bbrow\u00bb use_row_as_full_screen_section=\u00bbno\u00bb type=\u00bbfull_width\u00bb angled_section=\u00bbno\u00bb text_align=\u00bbleft\u00bb background_image_as_pattern=\u00bbwithout_pattern\u00bb z_index=\u00bb\u00bb][vc_column][vc_single_image image=\u00bb16595&#8243; img_size=\u00bbfull\u00bb qode_css_animation=\u00bb\u00bb][\/vc_column][\/vc_row][vc_row css_animation=\u00bb\u00bb row_type=\u00bbrow\u00bb use_row_as_full_screen_section=\u00bbno\u00bb type=\u00bbgrid\u00bb angled_section=\u00bbno\u00bb text_align=\u00bbleft\u00bb background_image_as_pattern=\u00bbwithout_pattern\u00bb padding_top=\u00bb102&#8243; padding_bottom=\u00bb0&#8243; el_class=\u00bbicon_border\u00bb][vc_column][vc_column_text] AGENCIA BOTIQUE DE ASESORAMIENTO [\/vc_column_text][vc_separator type=\u00bbtransparent\u00bb up=\u00bb20&#8243; down=\u00bb0&#8243;][vc_column_text] Somos un equipo multiling\u00fce que centra su dedicaci\u00f3n en las necesidades y requisitos de los&#8230;<\/p>\n","protected":false},"author":2,"featured_media":16596,"parent":0,"menu_order":0,"comment_status":"closed","ping_status":"closed","template":"full_width.php","meta":{"inline_featured_image":false,"_monsterinsights_skip_tracking":false,"_monsterinsights_sitenote_active":false,"_monsterinsights_sitenote_note":"","_monsterinsights_sitenote_category":0,"footnotes":""},"class_list":["post-16706","page","type-page","status-publish","has-post-thumbnail","hentry"],"_links":{"self":[{"href":"https:\/\/www.reeseconsult.es\/es\/wp-json\/wp\/v2\/pages\/16706","targetHints":{"allow":["GET"]}}],"collection":[{"href":"https:\/\/www.reeseconsult.es\/es\/wp-json\/wp\/v2\/pages"}],"about":[{"href":"https:\/\/www.reeseconsult.es\/es\/wp-json\/wp\/v2\/types\/page"}],"author":[{"embeddable":true,"href":"https:\/\/www.reeseconsult.es\/es\/wp-json\/wp\/v2\/users\/2"}],"replies":[{"embeddable":true,"href":"https:\/\/www.reeseconsult.es\/es\/wp-json\/wp\/v2\/comments?post=16706"}],"version-history":[{"count":18,"href":"https:\/\/www.reeseconsult.es\/es\/wp-json\/wp\/v2\/pages\/16706\/revisions"}],"predecessor-version":[{"id":17215,"href":"https:\/\/www.reeseconsult.es\/es\/wp-json\/wp\/v2\/pages\/16706\/revisions\/17215"}],"wp:featuredmedia":[{"embeddable":true,"href":"https:\/\/www.reeseconsult.es\/es\/wp-json\/wp\/v2\/media\/16596"}],"wp:attachment":[{"href":"https:\/\/www.reeseconsult.es\/es\/wp-json\/wp\/v2\/media?parent=16706"}],"curies":[{"name":"wp","href":"https:\/\/api.w.org\/{rel}","templated":true}]}}